{"id":22,"date":"2011-07-08T17:08:15","date_gmt":"2011-07-08T17:08:15","guid":{"rendered":"http:\/\/www.tractopar.com.py\/v2\/?page_id=22"},"modified":"2020-02-19T14:10:00","modified_gmt":"2020-02-19T18:10:00","slug":"sucursales","status":"publish","type":"page","link":"http:\/\/tractopar.com.py\/?page_id=22","title":{"rendered":"Sucursales"},"content":{"rendered":"<h3>Sucursal Santa Rita<\/h3>\n<h3><img loading=\"lazy\" class=\"alignright size-thumbnail wp-image-23\" title=\"sta_1_280x210\" alt=\"\" src=\"http:\/\/www.tractopar.com.py\/v2\/uploads\/2011\/07\/sta_1_280x210-250x155.jpg\" width=\"250\" height=\"155\" \/><\/h3>\n<p>Tractopar cuenta con una sucursal en la Ciudad de Santa Rita, Barrio Alexandrino, inaugurada en el a\u00f1o 2002, atiende a toda la regi\u00f3n Sur del Monday, adem\u00e1s los Departamentos de Caazap\u00e1, Guaira, Caaguaz\u00fa e Itap\u00faa.<\/p>\n<p>La infraestructura de la misma est\u00e1 preparada para atender a todos los clientes ya sea mayoristas o minoristas, sus 900m\u00b2 de dep\u00f3sitos y \u00e1rea de atendimiento facilitan la disponibilidad de productos. Adem\u00e1s de poder contar con el apoyo de la Casa central y otras sucursales en el caso de falta de alg\u00fan tipo de mercader\u00eda.<\/p>\n<p>Tractopar utiliza sistema de entrega de mercader\u00edas, por medio de Transportadoras y Currier, enviando productos a todo el Paraguay.<\/p>\n<p>&nbsp;<\/p>\n<h3>Sucursal San Alberto<\/h3>\n<p><img loading=\"lazy\" class=\"alignright size-thumbnail wp-image-24\" title=\"sbo_1_280x210\" alt=\"\" src=\"http:\/\/www.tractopar.com.py\/v2\/uploads\/2011\/07\/sbo_1_280x210-250x182.jpg\" width=\"250\" height=\"182\" \/>Tractopar sucursal San Alberto, inaugurada en el a\u00f1o 2008, atiende a toda la regi\u00f3n Norte del Departamento de Alto Paran\u00e1, adem\u00e1s los Departamentos de Caaguaz\u00fa, San Pedro, Canindey\u00fa y otros.<\/p>\n<p>La infraestructura de la misma est\u00e1 preparada para atender a todos los clientes ya sea mayoristas o minoristas, sus 550m\u00b2 de dep\u00f3sitos y \u00e1rea de atendimiento facilitan la disponibilidad de productos. Adem\u00e1s de poder contar con el apoyo de la Casa central y otras sucursales en el caso de falta de alg\u00fan tipo de mercader\u00eda.<\/p>\n<p>Tractopar utiliza sistema de entrega de mercader\u00edas, por medio de Transportadoras y Currier, enviando productos a todo el Paraguay<\/p>\n<p>&nbsp;<\/p>\n<h3>Sucursal Asunci\u00f3n<\/h3>\n<p><img loading=\"lazy\" class=\"alignright size-thumbnail wp-image-25\" title=\"asu_280x210\" alt=\"\" src=\"http:\/\/www.tractopar.com.py\/v2\/uploads\/2016\/01\/asuncion280x280.jpg\" width=\"250\" height=\"200\" \/>Con el objetivo de mejor atender a nuestros clientes, Tractopar pone a disposici\u00f3n de todos un Nuevo local de atendimiento, en el a\u00f1o 2010 se inaugural la sucursal numero tres ubicada en la Capital de Pa\u00eds, Asunci\u00f3n, sobre\u00a0Av. Dr. Eusebio Ayala c\/ Medicos del Chaco<\/p>\n<p>Un moderno local c\u00e9ntrico, abarcando las \u00e1reas de atenci\u00f3n a los clientes de Asunci\u00f3n y alrededores, adem\u00e1s toda la regi\u00f3n del Chaco paraguayo y la region sur oeste del pa\u00eds.<\/p>\n<p>En este nuevo local Tractopar amplia la cobertura de atendimiento, atendiendo a las necesidades de los clientes, en la gama de productos todas las l\u00edneas para maquinas agr\u00edcolas y pecuarias. Correas, mangueras hidr\u00e1ulicas, rodamientos, embragues, radiadores, lubricantes y grasas, bombas hidr\u00e1ulicas, discos, llantas, cajas de cambio, diferenciales, motores, etc.<\/p>\n","protected":false},"excerpt":{"rendered":"<p>Sucursal Santa Rita Tractopar cuenta con una sucursal en la Ciudad de Santa Rita, Barrio Alexandrino, inaugurada en el a\u00f1o 2002, atiende a toda la regi\u00f3n Sur del Monday, adem\u00e1s los Departamentos de Caazap\u00e1, Guaira, Caaguaz\u00fa e Itap\u00faa. La infraestructura de la misma est\u00e1 preparada para atender a todos los clientes ya sea mayoristas o [&hellip;]<\/p>\n","protected":false},"author":1,"featured_media":0,"parent":0,"menu_order":0,"comment_status":"open","ping_status":"open","template":"","meta":[],"_links":{"self":[{"href":"http:\/\/tractopar.com.py\/index.php?rest_route=\/wp\/v2\/pages\/22"}],"collection":[{"href":"http:\/\/tractopar.com.py\/index.php?rest_route=\/wp\/v2\/pages"}],"about":[{"href":"http:\/\/tractopar.com.py\/index.php?rest_route=\/wp\/v2\/types\/page"}],"author":[{"embeddable":true,"href":"http:\/\/tractopar.com.py\/index.php?rest_route=\/wp\/v2\/users\/1"}],"replies":[{"embeddable":true,"href":"http:\/\/tractopar.com.py\/index.php?rest_route=%2Fwp%2Fv2%2Fcomments&post=22"}],"version-history":[{"count":1,"href":"http:\/\/tractopar.com.py\/index.php?rest_route=\/wp\/v2\/pages\/22\/revisions"}],"predecessor-version":[{"id":26,"href":"http:\/\/tractopar.com.py\/index.php?rest_route=\/wp\/v2\/pages\/22\/revisions\/26"}],"wp:attachment":[{"href":"http:\/\/tractopar.com.py\/index.php?rest_route=%2Fwp%2Fv2%2Fmedia&parent=22"}],"curies":[{"name":"wp","href":"https:\/\/api.w.org\/{rel}","templated":true}]}}