{"id":15,"date":"2011-06-23T15:45:32","date_gmt":"2011-06-23T15:45:32","guid":{"rendered":"http:\/\/www.tractopar.com.py\/v2\/?page_id=15"},"modified":"2011-09-20T14:44:56","modified_gmt":"2011-09-20T14:44:56","slug":"la-empresa","status":"publish","type":"page","link":"http:\/\/tractopar.com.py\/?page_id=15","title":{"rendered":"La Empresa"},"content":{"rendered":"<p><strong>Tractopar Repuestos, desde 1996 en Ciudad del Este, Alto Paran\u00e1 Paraguay, actualmente con tres sucursales para mejor atender, la primera en Santa Rita, la segunda en San Alberto, y la tercera en Asunci\u00f3n.<\/strong><\/p>\n<p>M\u00e1s de 30.000 \u00edtems en repuestos agr\u00edcolas, mantiene una gran red de distribuci\u00f3n presente en la mayor parte del territorio nacional.<\/p>\n<p>En constante actualizaci\u00f3n y modernizaci\u00f3n estamos siempre en contacto con principales fabricante de maquinas y repuestos agr\u00edcolas en busca de informaciones, demostraciones de nuevas tecnolog\u00edas, soluciones para el \u00e1mbito agr\u00edcola, ganadero e industrial.<\/p>\n<p>Un plantel de vendedores exclusivamente capacitados para cada area siempre disponible para mejor atender y prestar ayuda con soluciones adecuadas para todos los clientes.<\/p>\n\n\t\t<style type=\"text\/css\">\n\t\t\t#gallery-1 {\n\t\t\t\tmargin: auto;\n\t\t\t}\n\t\t\t#gallery-1 .gallery-item {\n\t\t\t\tfloat: left;\n\t\t\t\tmargin-top: 10px;\n\t\t\t\ttext-align: center;\n\t\t\t\twidth: 50%;\n\t\t\t}\n\t\t\t#gallery-1 img {\n\t\t\t\tborder: 2px solid #cfcfcf;\n\t\t\t}\n\t\t\t#gallery-1 .gallery-caption {\n\t\t\t\tmargin-left: 0;\n\t\t\t}\n\t\t\t\/* see gallery_shortcode() in wp-includes\/media.php *\/\n\t\t<\/style>\n\t\t<div id='gallery-1' class='gallery galleryid-15 gallery-columns-2 gallery-size-thumbnail'><dl class='gallery-item'>\n\t\t\t<dt class='gallery-icon landscape'>\n\t\t\t\t<a href='http:\/\/tractopar.com.py\/wp-content\/uploads\/2011\/06\/cde_1_700x5001.jpg'><img width=\"150\" height=\"120\" src=\"http:\/\/tractopar.com.py\/wp-content\/uploads\/2011\/06\/cde_1_700x5001-250x200.jpg\" class=\"attachment-thumbnail size-thumbnail\" alt=\"\" loading=\"lazy\" \/><\/a>\n\t\t\t<\/dt><\/dl><dl class='gallery-item'>\n\t\t\t<dt class='gallery-icon landscape'>\n\t\t\t\t<a href='http:\/\/tractopar.com.py\/wp-content\/uploads\/2011\/06\/cde_2_800x6001.jpg'><img width=\"150\" height=\"120\" src=\"http:\/\/tractopar.com.py\/wp-content\/uploads\/2011\/06\/cde_2_800x6001-250x200.jpg\" class=\"attachment-thumbnail size-thumbnail\" alt=\"\" loading=\"lazy\" \/><\/a>\n\t\t\t<\/dt><\/dl><br style=\"clear: both\" \/><dl class='gallery-item'>\n\t\t\t<dt class='gallery-icon landscape'>\n\t\t\t\t<a href='http:\/\/tractopar.com.py\/wp-content\/uploads\/2011\/06\/cde_3_800x6001.jpg'><img width=\"150\" height=\"120\" src=\"http:\/\/tractopar.com.py\/wp-content\/uploads\/2011\/06\/cde_3_800x6001-250x200.jpg\" class=\"attachment-thumbnail size-thumbnail\" alt=\"\" loading=\"lazy\" \/><\/a>\n\t\t\t<\/dt><\/dl><dl class='gallery-item'>\n\t\t\t<dt class='gallery-icon landscape'>\n\t\t\t\t<a href='http:\/\/tractopar.com.py\/wp-content\/uploads\/2011\/06\/cde_4_800x6001.jpg'><img width=\"150\" height=\"120\" src=\"http:\/\/tractopar.com.py\/wp-content\/uploads\/2011\/06\/cde_4_800x6001-250x200.jpg\" class=\"attachment-thumbnail size-thumbnail\" alt=\"\" loading=\"lazy\" \/><\/a>\n\t\t\t<\/dt><\/dl><br style=\"clear: both\" \/>\n\t\t<\/div>\n\n","protected":false},"excerpt":{"rendered":"<p>Tractopar Repuestos, desde 1996 en Ciudad del Este, Alto Paran\u00e1 Paraguay, actualmente con tres sucursales para mejor atender, la primera en Santa Rita, la segunda en San Alberto, y la tercera en Asunci\u00f3n. M\u00e1s de 30.000 \u00edtems en repuestos agr\u00edcolas, mantiene una gran red de distribuci\u00f3n presente en la mayor parte del territorio nacional. En [&hellip;]<\/p>\n","protected":false},"author":1,"featured_media":0,"parent":0,"menu_order":0,"comment_status":"open","ping_status":"open","template":"","meta":[],"_links":{"self":[{"href":"http:\/\/tractopar.com.py\/index.php?rest_route=\/wp\/v2\/pages\/15"}],"collection":[{"href":"http:\/\/tractopar.com.py\/index.php?rest_route=\/wp\/v2\/pages"}],"about":[{"href":"http:\/\/tractopar.com.py\/index.php?rest_route=\/wp\/v2\/types\/page"}],"author":[{"embeddable":true,"href":"http:\/\/tractopar.com.py\/index.php?rest_route=\/wp\/v2\/users\/1"}],"replies":[{"embeddable":true,"href":"http:\/\/tractopar.com.py\/index.php?rest_route=%2Fwp%2Fv2%2Fcomments&post=15"}],"version-history":[{"count":1,"href":"http:\/\/tractopar.com.py\/index.php?rest_route=\/wp\/v2\/pages\/15\/revisions"}],"predecessor-version":[{"id":16,"href":"http:\/\/tractopar.com.py\/index.php?rest_route=\/wp\/v2\/pages\/15\/revisions\/16"}],"wp:attachment":[{"href":"http:\/\/tractopar.com.py\/index.php?rest_route=%2Fwp%2Fv2%2Fmedia&parent=15"}],"curies":[{"name":"wp","href":"https:\/\/api.w.org\/{rel}","templated":true}]}}